{"id":502,"date":"2022-05-03T15:00:17","date_gmt":"2022-05-03T15:00:17","guid":{"rendered":"http:\/\/creativeflats.com\/about\/"},"modified":"2025-04-16T14:52:28","modified_gmt":"2025-04-16T14:52:28","slug":"a-propos","status":"publish","type":"page","link":"https:\/\/creativeflats.com\/fr\/a-propos\/","title":{"rendered":"\u00c0 PROPOS"},"content":{"rendered":"","protected":false},"excerpt":{"rendered":"","protected":false},"author":1,"featured_media":0,"parent":0,"menu_order":9,"comment_status":"closed","ping_status":"closed","template":"","meta":[],"class_list":["post-502","page","type-page","status-publish","hentry"],"grid":"{\r\n  \"colCount\": 12,\r\n  \"colGutter\": 1,\r\n  \"rowGutters\": [\r\n    5\r\n  ],\r\n  \"frameMargin\": 5,\r\n  \"leftFrameMargin\": 5,\r\n  \"rightFrameMargin\": 5,\r\n  \"topFrameMargin\": 50,\r\n  \"bottomFrameMargin\": 0,\r\n  \"rowAttrs\": [\r\n    {\r\n      \"row100vh\": false,\r\n      \"relid\": 7\r\n    },\r\n    {\r\n      \"relid\": 2\r\n    }\r\n  ],\r\n  \"bgColor\": null,\r\n  \"cont\": [\r\n    {\r\n      \"type\": \"img\",\r\n      \"cont\": \"\/wp-content\/uploads\/2023\/09\/Lac-Orford_05291_RThibodeau.jpg\",\r\n      \"align\": \"bottom\",\r\n      \"row\": 0,\r\n      \"col\": 1,\r\n      \"colspan\": 5,\r\n      \"offsetx\": 0,\r\n      \"offsety\": 0,\r\n      \"spaceabove\": 0,\r\n      \"spacebelow\": 0,\r\n      \"yvel\": 1,\r\n      \"push\": 1,\r\n      \"relid\": 3,\r\n      \"attid\": 778,\r\n      \"sizes\": {\r\n        \"full\": \"\/wp-content\/uploads\/2023\/09\/Lac-Orford_05291_RThibodeau.jpg\",\r\n        \"_1280\": \"\/wp-content\/uploads\/2023\/09\/Lac-Orford_05291_RThibodeau-1280x1707.jpg\",\r\n        \"_1024\": \"\/wp-content\/uploads\/2023\/09\/Lac-Orford_05291_RThibodeau-1024x1365.jpg\",\r\n        \"_768\": \"\/wp-content\/uploads\/2023\/09\/Lac-Orford_05291_RThibodeau-768x1024.jpg\",\r\n        \"_512\": \"\/wp-content\/uploads\/2023\/09\/Lac-Orford_05291_RThibodeau-512x683.jpg\",\r\n        \"_265\": \"\/wp-content\/uploads\/2023\/09\/Lac-Orford_05291_RThibodeau-265x353.jpg\"\r\n      },\r\n      \"w\": 1875,\r\n      \"h\": 2500,\r\n      \"ar\": 1.3333333333333333,\r\n      \"alt\": \"\",\r\n      \"absolute_position\": false,\r\n      \"caption\": \"<p style=\\\"line-height: 0.9;\\\"><span style=\\\"font-size: 40px;\\\"><b><span style=\\\"color: #fec700;\\\">THE WORLD OF <br \/>CREATIVE FLATS<\/span><\/b><\/span><\/p>\"\r\n    },\r\n    {\r\n      \"type\": \"text\",\r\n      \"cont\": \"<p><span style=\\\"font-size: 15px;\\\"><span style=\\\"font-size: 12px;\\\">Le concept est cr\u00e9\u00e9 en 2000 pour servir une client\u00e8le grandissante qui cherche \u00e0 louer des espaces meubl\u00e9s, luxueux et agr\u00e9ables, au design actuel. Reconnues pour leur sens de l\u2019innovation en mati\u00e8re de design, la propri\u00e9taire-fondatrice Nathalie Bouchard et sa collaboratrice, la directrice artistique-styliste Annie Horth effectuent une recherche de style et d\u2019authenticit\u00e9 pour chaque r\u00e9sidence. elles collectionnent les objets et meubles de diff\u00e9rents styles et \u00e9poques, <span>S\u2019ASSURANT<\/span> que chaque d\u00e9tail est parfaitement choisi pour l\u2019espace. L\u2019art, la mode, l\u2019histoire et les voyages, une approche multi-culturelle qui constitue leur propre vocabulaire, qu\u2019elles d\u00e9clinent dans ces lieux sophistiqu\u00e9s et contemporains.<\/span> <\/span><\/p>\",\r\n      \"align\": \"bottom\",\r\n      \"row\": 0,\r\n      \"col\": 6,\r\n      \"colspan\": 6,\r\n      \"offsetx\": 0,\r\n      \"offsety\": 0,\r\n      \"spaceabove\": 0,\r\n      \"spacebelow\": 0,\r\n      \"yvel\": 1,\r\n      \"push\": 0,\r\n      \"relid\": 4,\r\n      \"absolute_position\": false\r\n    },\r\n    {\r\n      \"type\": \"img\",\r\n      \"cont\": \"\/wp-content\/uploads\/2022\/05\/creative_flats_team.jpeg\",\r\n      \"align\": \"top\",\r\n      \"row\": 1,\r\n      \"col\": 3,\r\n      \"colspan\": 7,\r\n      \"offsetx\": 0,\r\n      \"offsety\": 0,\r\n      \"spaceabove\": 0,\r\n      \"spacebelow\": 0,\r\n      \"yvel\": 1,\r\n      \"push\": 3,\r\n      \"relid\": 292,\r\n      \"attid\": 46,\r\n      \"sizes\": {\r\n        \"full\": \"\/wp-content\/uploads\/2022\/05\/creative_flats_team.jpeg\",\r\n        \"_1024\": \"\/wp-content\/uploads\/2022\/05\/creative_flats_team-1024x711.jpeg\",\r\n        \"_768\": \"\/wp-content\/uploads\/2022\/05\/creative_flats_team-768x533.jpeg\",\r\n        \"_512\": \"\/wp-content\/uploads\/2022\/05\/creative_flats_team-512x355.jpeg\",\r\n        \"_265\": \"\/wp-content\/uploads\/2022\/05\/creative_flats_team-265x184.jpeg\"\r\n      },\r\n      \"w\": 1200,\r\n      \"h\": 833,\r\n      \"ar\": 0.6941666666666667,\r\n      \"alt\": \"\",\r\n      \"absolute_position\": false\r\n    }\r\n  ]\r\n}","phonegrid":"","_links":{"self":[{"href":"https:\/\/creativeflats.com\/fr\/wp-json\/wp\/v2\/pages\/502","targetHints":{"allow":["GET"]}}],"collection":[{"href":"https:\/\/creativeflats.com\/fr\/wp-json\/wp\/v2\/pages"}],"about":[{"href":"https:\/\/creativeflats.com\/fr\/wp-json\/wp\/v2\/types\/page"}],"author":[{"embeddable":true,"href":"https:\/\/creativeflats.com\/fr\/wp-json\/wp\/v2\/users\/1"}],"replies":[{"embeddable":true,"href":"https:\/\/creativeflats.com\/fr\/wp-json\/wp\/v2\/comments?post=502"}],"version-history":[{"count":0,"href":"https:\/\/creativeflats.com\/fr\/wp-json\/wp\/v2\/pages\/502\/revisions"}],"wp:attachment":[{"href":"https:\/\/creativeflats.com\/fr\/wp-json\/wp\/v2\/media?parent=502"}],"curies":[{"name":"wp","href":"https:\/\/api.w.org\/{rel}","templated":true}]}}